{"id":4791,"date":"2023-01-30T15:49:05","date_gmt":"2023-01-30T14:49:05","guid":{"rendered":"https:\/\/sveinssonlaw.no\/?page_id=4791"},"modified":"2023-09-26T20:27:34","modified_gmt":"2023-09-26T18:27:34","slug":"cookies-erklaering","status":"publish","type":"page","link":"https:\/\/sveinssonlaw.no\/en\/cookies-erklaering\/","title":{"rendered":"Cookie Declaration"},"content":{"rendered":"<h4 style=\"text-align: center; padding-left: 40px;\">Cookie Declaration for Advokatfirmaet Sveinsson<\/h4>\n<p style=\"text-align: center;\"><em>Last Modified: January 30, 2023<\/em><\/p>\n<h5 style=\"padding-left: 40px;\">1. Log files<\/h5>\n<p style=\"padding-left: 40px;\">We follow a standard procedure for using log files. These files log visitors when they visit websites. All hosting companies do this and it is part of the analysis of hosting services. The information collected by log files includes IP addresses, browser type, Internet Service Provider (ISP), date and time, referring\/exit pages, and possibly the number of clicks. These are not linked to information that is personally identifiable. The purpose of the information is to analyze trends, administer the site, track users' movements on the site, and gather demographic information.<\/p>\n<h5 style=\"padding-left: 40px;\">2. Use of Cookies<\/h5>\n<p style=\"padding-left: 40px;\">Vi, som andre nettsteder, bruker &laquo;cookies&raquo;. Disse informasjonskapslene brukes til \u00e5 lagre informasjon, inkludert bes\u00f8kendes preferanser, og sidene p\u00e5 nettstedet som den bes\u00f8kende bes\u00f8kte. Informasjonen brukes til \u00e5 optimalisere brukernes opplevelse ved \u00e5 tilpasse innholdet p\u00e5 nettsiden v\u00e5r basert p\u00e5 bes\u00f8kendes nettlesertype og\/eller annen informasjon.<\/p>\n<p style=\"padding-left: 40px;\"><strong>What are cookies?<\/strong><\/p>\n<p style=\"padding-left: 40px;\">This website uses cookies, which are small files that are downloaded to your computer or phone, to improve the user experience. To give you a good experience on this website, your browser will download cookies. These text files interact between your device and our website, increasing functionality for you as a visitor. When you submit data through a contact form, cookies will remember your user data for future correspondence.<\/p>\n<p style=\"padding-left: 40px;\"><strong>Disabling cookies<\/strong><\/p>\n<p style=\"padding-left: 40px;\">You can prevent the setting of cookies by adjusting the settings in your browser (see your browser's help on how to do this). Please note that disabling cookies will reduce the functionality of this and many other websites you visit. Disabling cookies will usually also result in the deactivation of certain features and functions of this website.<\/p>\n<p style=\"padding-left: 40px;\"><strong>Third-party cookies<\/strong><\/p>\n<p style=\"padding-left: 40px;\">In some special cases, we also use cookies provided by trusted third parties.<\/p>\n<p style=\"padding-left: 40px;\">This website uses Google Analytics, which is one of the most widespread and reliable analytics solutions on the web to help us understand how you use the website and ways we can improve your experience. For more information about Google Analytics cookies, see the official Google Analytics page. We also use social media buttons and\/or plugins on this website.<\/p>","protected":false},"excerpt":{"rendered":"<p>Cookie-erkl\u00e6ring for Advokatfirmaet Sveinsson Sist endret: 30. januar 2023 1. Loggfiler Vi f\u00f8lger en standard prosedyre for bruk av loggfiler. Disse filene logger bes\u00f8kende n\u00e5r de bes\u00f8ker nettsteder. Alle hostingfirmaer gj\u00f8r dette og det er en del av analysen av hostingtjenester. Informasjonen som samles inn av loggfiler inkluderer IP-adresser, nettlesertype, Internett-leverand\u00f8r (ISP), dato og klokkeslett,&#8230;<\/p>","protected":false},"author":5,"featured_media":0,"parent":0,"menu_order":0,"comment_status":"closed","ping_status":"closed","template":"","meta":{"_eb_attr":"","footnotes":""},"class_list":["post-4791","page","type-page","status-publish","hentry"],"aioseo_notices":[],"_links":{"self":[{"href":"https:\/\/sveinssonlaw.no\/en\/wp-json\/wp\/v2\/pages\/4791","targetHints":{"allow":["GET"]}}],"collection":[{"href":"https:\/\/sveinssonlaw.no\/en\/wp-json\/wp\/v2\/pages"}],"about":[{"href":"https:\/\/sveinssonlaw.no\/en\/wp-json\/wp\/v2\/types\/page"}],"author":[{"embeddable":true,"href":"https:\/\/sveinssonlaw.no\/en\/wp-json\/wp\/v2\/users\/5"}],"replies":[{"embeddable":true,"href":"https:\/\/sveinssonlaw.no\/en\/wp-json\/wp\/v2\/comments?post=4791"}],"version-history":[{"count":14,"href":"https:\/\/sveinssonlaw.no\/en\/wp-json\/wp\/v2\/pages\/4791\/revisions"}],"predecessor-version":[{"id":5183,"href":"https:\/\/sveinssonlaw.no\/en\/wp-json\/wp\/v2\/pages\/4791\/revisions\/5183"}],"wp:attachment":[{"href":"https:\/\/sveinssonlaw.no\/en\/wp-json\/wp\/v2\/media?parent=4791"}],"curies":[{"name":"wp","href":"https:\/\/api.w.org\/{rel}","templated":true}]}}